{"id":1438,"date":"2023-12-15T14:40:52","date_gmt":"2023-12-15T13:40:52","guid":{"rendered":"https:\/\/www.hotel-il-gabbiano.com\/?page_id=1438"},"modified":"2025-12-04T20:13:56","modified_gmt":"2025-12-04T19:13:56","slug":"pizzeria","status":"publish","type":"page","link":"https:\/\/www.hotel-il-gabbiano.com\/?page_id=1438","title":{"rendered":"Pizzeria"},"content":{"rendered":"\t\t<div data-elementor-type=\"wp-page\" data-elementor-id=\"1438\" class=\"elementor elementor-1438\" data-elementor-post-type=\"page\">\n\t\t\t\t\t\t<section class=\"elementor-section elementor-top-section elementor-element elementor-element-6f746a9 elementor-section-full_width elementor-section-height-default elementor-section-height-default\" data-id=\"6f746a9\" data-element_type=\"section\">\n\t\t\t\t\t\t<div class=\"elementor-container elementor-column-gap-default\">\n\t\t\t\t\t<div class=\"aux-parallax-section elementor-column elementor-col-100 elementor-top-column elementor-element elementor-element-6082e4c1\" data-id=\"6082e4c1\" data-element_type=\"column\">\n\t\t\t<div class=\"elementor-widget-wrap elementor-element-populated\">\n\t\t\t\t\t\t<div class=\"elementor-element elementor-element-4d311bcf elementor-widget elementor-widget-aux_modern_heading\" data-id=\"4d311bcf\" data-element_type=\"widget\" data-widget_type=\"aux_modern_heading.default\">\n\t\t\t\t<div class=\"elementor-widget-container\">\n\t\t\t\t\t<section class=\"aux-widget-modern-heading\">\n            <div class=\"aux-widget-inner\"><h2 class=\"aux-modern-heading-primary\">Pizzeria con forno a legna<\/h2><\/div>\n        <\/section>\t\t\t\t<\/div>\n\t\t\t\t<\/div>\n\t\t\t\t<div class=\"elementor-element elementor-element-93666ba elementor-widget elementor-widget-video\" data-id=\"93666ba\" data-element_type=\"widget\" data-settings=\"{&quot;video_type&quot;:&quot;hosted&quot;,&quot;autoplay&quot;:&quot;yes&quot;,&quot;show_image_overlay&quot;:&quot;yes&quot;,&quot;image_overlay&quot;:{&quot;url&quot;:&quot;https:\\\/\\\/www.hotel-il-gabbiano.com\\\/wp-content\\\/uploads\\\/2023\\\/12\\\/pizzeria4.jpg&quot;,&quot;id&quot;:1450,&quot;size&quot;:&quot;&quot;,&quot;alt&quot;:&quot;&quot;,&quot;source&quot;:&quot;library&quot;},&quot;controls&quot;:&quot;yes&quot;}\" data-widget_type=\"video.default\">\n\t\t\t\t<div class=\"elementor-widget-container\">\n\t\t\t\t\t\t\t<div class=\"e-hosted-video elementor-wrapper elementor-open-inline\">\n\t\t\t\t\t<video class=\"elementor-video\" src=\"https:\/\/www.hotel-il-gabbiano.com\/wp-content\/uploads\/2025\/12\/Spot-Pizzeria-Il-Gabbiano-1min-2.mp4\" autoplay=\"\" controls=\"\" controlsList=\"nodownload\"><\/video>\n\t\t\t\t\t\t<div class=\"elementor-custom-embed-image-overlay\" style=\"background-image: url(https:\/\/www.hotel-il-gabbiano.com\/wp-content\/uploads\/2023\/12\/pizzeria4.jpg);\">\n\t\t\t\t\t\t\t\t\t\t\t\t\t\t\t\t<div class=\"elementor-custom-embed-play\" role=\"button\" aria-label=\"Riproduci video\" tabindex=\"0\">\n\t\t\t\t\t\t\t<i aria-hidden=\"true\" class=\"eicon-play\"><\/i>\t\t\t\t\t\t<\/div>\n\t\t\t\t\t\t\t\t\t<\/div>\n\t\t\t\t\t<\/div>\n\t\t\t\t\t\t<\/div>\n\t\t\t\t<\/div>\n\t\t\t\t<div class=\"elementor-element elementor-element-14f8b36 elementor-arrows-position-inside elementor-pagination-position-outside elementor-widget elementor-widget-image-carousel\" data-id=\"14f8b36\" data-element_type=\"widget\" data-settings=\"{&quot;navigation&quot;:&quot;both&quot;,&quot;autoplay&quot;:&quot;yes&quot;,&quot;pause_on_hover&quot;:&quot;yes&quot;,&quot;pause_on_interaction&quot;:&quot;yes&quot;,&quot;autoplay_speed&quot;:5000,&quot;infinite&quot;:&quot;yes&quot;,&quot;speed&quot;:500}\" data-widget_type=\"image-carousel.default\">\n\t\t\t\t<div class=\"elementor-widget-container\">\n\t\t\t\t\t\t\t<div class=\"elementor-image-carousel-wrapper swiper\" role=\"region\" aria-roledescription=\"carousel\" aria-label=\"Carosello d&#039;immagini\" dir=\"ltr\">\n\t\t\t<div class=\"elementor-image-carousel swiper-wrapper\" aria-live=\"off\">\n\t\t\t\t\t\t\t\t<div class=\"swiper-slide\" role=\"group\" aria-roledescription=\"slide\" aria-label=\"1 di 18\"><figure class=\"swiper-slide-inner\"><img decoding=\"async\" class=\"swiper-slide-image\" src=\"https:\/\/www.hotel-il-gabbiano.com\/wp-content\/uploads\/2023\/12\/pizzeria-300x300.jpg\" alt=\"pizzeria\" \/><\/figure><\/div><div class=\"swiper-slide\" role=\"group\" aria-roledescription=\"slide\" aria-label=\"2 di 18\"><figure class=\"swiper-slide-inner\"><img decoding=\"async\" class=\"swiper-slide-image\" src=\"https:\/\/www.hotel-il-gabbiano.com\/wp-content\/uploads\/2023\/12\/pizzeria1-300x300.jpg\" alt=\"pizzeria1\" \/><\/figure><\/div><div class=\"swiper-slide\" role=\"group\" aria-roledescription=\"slide\" aria-label=\"3 di 18\"><figure class=\"swiper-slide-inner\"><img decoding=\"async\" class=\"swiper-slide-image\" src=\"https:\/\/www.hotel-il-gabbiano.com\/wp-content\/uploads\/2023\/12\/pizzeria2-300x300.jpg\" alt=\"pizzeria2\" \/><\/figure><\/div><div class=\"swiper-slide\" role=\"group\" aria-roledescription=\"slide\" aria-label=\"4 di 18\"><figure class=\"swiper-slide-inner\"><img decoding=\"async\" class=\"swiper-slide-image\" src=\"https:\/\/www.hotel-il-gabbiano.com\/wp-content\/uploads\/2023\/12\/pizzeria3-300x300.jpg\" alt=\"pizzeria3\" \/><\/figure><\/div><div class=\"swiper-slide\" role=\"group\" aria-roledescription=\"slide\" aria-label=\"5 di 18\"><figure class=\"swiper-slide-inner\"><img decoding=\"async\" class=\"swiper-slide-image\" src=\"https:\/\/www.hotel-il-gabbiano.com\/wp-content\/uploads\/2025\/09\/PGH51937-300x300.jpg\" alt=\"PGH51937\" \/><\/figure><\/div><div class=\"swiper-slide\" role=\"group\" aria-roledescription=\"slide\" aria-label=\"6 di 18\"><figure class=\"swiper-slide-inner\"><img decoding=\"async\" class=\"swiper-slide-image\" src=\"https:\/\/www.hotel-il-gabbiano.com\/wp-content\/uploads\/2025\/09\/PGH51938-300x300.jpg\" alt=\"PGH51938\" \/><\/figure><\/div><div class=\"swiper-slide\" role=\"group\" aria-roledescription=\"slide\" aria-label=\"7 di 18\"><figure class=\"swiper-slide-inner\"><img decoding=\"async\" class=\"swiper-slide-image\" src=\"https:\/\/www.hotel-il-gabbiano.com\/wp-content\/uploads\/2025\/09\/PGH51939-300x300.jpg\" alt=\"PGH51939\" \/><\/figure><\/div><div class=\"swiper-slide\" role=\"group\" aria-roledescription=\"slide\" aria-label=\"8 di 18\"><figure class=\"swiper-slide-inner\"><img decoding=\"async\" class=\"swiper-slide-image\" src=\"https:\/\/www.hotel-il-gabbiano.com\/wp-content\/uploads\/2025\/09\/PGH51943-300x300.jpg\" alt=\"PGH51943\" \/><\/figure><\/div><div class=\"swiper-slide\" role=\"group\" aria-roledescription=\"slide\" aria-label=\"9 di 18\"><figure class=\"swiper-slide-inner\"><img decoding=\"async\" class=\"swiper-slide-image\" src=\"https:\/\/www.hotel-il-gabbiano.com\/wp-content\/uploads\/2025\/09\/PGH51944-300x300.jpg\" alt=\"PGH51944\" \/><\/figure><\/div><div class=\"swiper-slide\" role=\"group\" aria-roledescription=\"slide\" aria-label=\"10 di 18\"><figure class=\"swiper-slide-inner\"><img decoding=\"async\" class=\"swiper-slide-image\" src=\"https:\/\/www.hotel-il-gabbiano.com\/wp-content\/uploads\/2025\/09\/PGH51945-300x300.jpg\" alt=\"PGH51945\" \/><\/figure><\/div><div class=\"swiper-slide\" role=\"group\" aria-roledescription=\"slide\" aria-label=\"11 di 18\"><figure class=\"swiper-slide-inner\"><img decoding=\"async\" class=\"swiper-slide-image\" src=\"https:\/\/www.hotel-il-gabbiano.com\/wp-content\/uploads\/2025\/09\/PGH51946-300x300.jpg\" alt=\"PGH51946\" \/><\/figure><\/div><div class=\"swiper-slide\" role=\"group\" aria-roledescription=\"slide\" aria-label=\"12 di 18\"><figure class=\"swiper-slide-inner\"><img decoding=\"async\" class=\"swiper-slide-image\" src=\"https:\/\/www.hotel-il-gabbiano.com\/wp-content\/uploads\/2025\/09\/PGH51843-300x300.jpg\" alt=\"PGH51843\" \/><\/figure><\/div><div class=\"swiper-slide\" role=\"group\" aria-roledescription=\"slide\" aria-label=\"13 di 18\"><figure class=\"swiper-slide-inner\"><img decoding=\"async\" class=\"swiper-slide-image\" src=\"https:\/\/www.hotel-il-gabbiano.com\/wp-content\/uploads\/2025\/09\/PGH51846-300x300.jpg\" alt=\"PGH51846\" \/><\/figure><\/div><div class=\"swiper-slide\" role=\"group\" aria-roledescription=\"slide\" aria-label=\"14 di 18\"><figure class=\"swiper-slide-inner\"><img decoding=\"async\" class=\"swiper-slide-image\" src=\"https:\/\/www.hotel-il-gabbiano.com\/wp-content\/uploads\/2025\/09\/PGH51847-300x300.jpg\" alt=\"PGH51847\" \/><\/figure><\/div><div class=\"swiper-slide\" role=\"group\" aria-roledescription=\"slide\" aria-label=\"15 di 18\"><figure class=\"swiper-slide-inner\"><img decoding=\"async\" class=\"swiper-slide-image\" src=\"https:\/\/www.hotel-il-gabbiano.com\/wp-content\/uploads\/2025\/09\/PGH51848-300x300.jpg\" alt=\"PGH51848\" \/><\/figure><\/div><div class=\"swiper-slide\" role=\"group\" aria-roledescription=\"slide\" aria-label=\"16 di 18\"><figure class=\"swiper-slide-inner\"><img decoding=\"async\" class=\"swiper-slide-image\" src=\"https:\/\/www.hotel-il-gabbiano.com\/wp-content\/uploads\/2025\/09\/PGH51852-300x300.jpg\" alt=\"PGH51852\" \/><\/figure><\/div><div class=\"swiper-slide\" role=\"group\" aria-roledescription=\"slide\" aria-label=\"17 di 18\"><figure class=\"swiper-slide-inner\"><img decoding=\"async\" class=\"swiper-slide-image\" src=\"https:\/\/www.hotel-il-gabbiano.com\/wp-content\/uploads\/2025\/09\/PGH51934-300x300.jpg\" alt=\"PGH51934\" \/><\/figure><\/div><div class=\"swiper-slide\" role=\"group\" aria-roledescription=\"slide\" aria-label=\"18 di 18\"><figure class=\"swiper-slide-inner\"><img decoding=\"async\" class=\"swiper-slide-image\" src=\"https:\/\/www.hotel-il-gabbiano.com\/wp-content\/uploads\/2025\/09\/PGH51936-300x300.jpg\" alt=\"PGH51936\" \/><\/figure><\/div>\t\t\t<\/div>\n\t\t\t\t\t\t\t\t\t\t\t\t<div class=\"elementor-swiper-button elementor-swiper-button-prev\" role=\"button\" tabindex=\"0\">\n\t\t\t\t\t\t<i aria-hidden=\"true\" class=\"eicon-chevron-left\"><\/i>\t\t\t\t\t<\/div>\n\t\t\t\t\t<div class=\"elementor-swiper-button elementor-swiper-button-next\" role=\"button\" tabindex=\"0\">\n\t\t\t\t\t\t<i aria-hidden=\"true\" class=\"eicon-chevron-right\"><\/i>\t\t\t\t\t<\/div>\n\t\t\t\t\n\t\t\t\t\t\t\t\t\t<div class=\"swiper-pagination\"><\/div>\n\t\t\t\t\t\t\t\t\t<\/div>\n\t\t\t\t\t\t<\/div>\n\t\t\t\t<\/div>\n\t\t\t\t<div class=\"elementor-element elementor-element-788b157b elementor-widget elementor-widget-aux_modern_heading\" data-id=\"788b157b\" data-element_type=\"widget\" data-widget_type=\"aux_modern_heading.default\">\n\t\t\t\t<div class=\"elementor-widget-container\">\n\t\t\t\t\t<section class=\"aux-widget-modern-heading\">\n            <div class=\"aux-widget-inner\"><h2 class=\"aux-modern-heading-primary\"><\/h2><div class=\"aux-modern-heading-description\"><p><strong>La Pizzeria con Forno a Legna<\/strong><br \/>La pizzeria con forno a legna \u00e8 il luogo ideale per chi ama la tradizione e il gusto autentico. Le nostre pizze, sottili e croccanti, sono cotte nel forno a legna, che conferisce loro un sapore unico e irresistibile. Grazie alla vasta scelta di ingredienti, siamo in grado di offrire oltre quaranta varianti di pizza, inclusi piatti senza glutine e impasti integrali per soddisfare ogni preferenza.<\/p><p>Oltre alle pizze, il nostro men\u00f9 propone piatti tipici preparati con cura e attenzione, dai deliziosi antipasti ai dolci, tutti realizzati con ingredienti freschi e genuini, molti dei quali provengono direttamente dalla nostra azienda agricola.<\/p><p><strong>Gli Spazi<\/strong><br \/>La pizzeria dispone di una sala interna con oltre cento posti e di una spaziosa veranda esterna che pu\u00f2 accogliere fino a 120 persone, rendendola perfetta anche per famiglie numerose o gruppi di amici. Circondata da un ampio prato recintato, l'area \u00e8 attrezzata con giochi per bambini di tutte le et\u00e0, offrendo un ambiente sicuro e divertente per i pi\u00f9 piccoli.<\/p><p><strong>Orari di Apertura<\/strong><br \/>La pizzeria \u00e8 aperta tutto l'anno, dalle 18:00 fino a tarda sera<\/p><\/div><\/div>\n        <\/section>\t\t\t\t<\/div>\n\t\t\t\t<\/div>\n\t\t\t\t<div class=\"elementor-element elementor-element-9ce737f elementor-cta--skin-classic elementor-animated-content elementor-bg-transform elementor-bg-transform-zoom-in elementor-widget elementor-widget-call-to-action\" data-id=\"9ce737f\" data-element_type=\"widget\" data-settings=\"{&quot;_animation&quot;:&quot;none&quot;}\" data-widget_type=\"call-to-action.default\">\n\t\t\t\t<div class=\"elementor-widget-container\">\n\t\t\t\t\t\t\t<div class=\"elementor-cta\">\n\t\t\t\t\t\t\t<div class=\"elementor-cta__content\">\n\t\t\t\t\n\t\t\t\t\n\t\t\t\t\t\t\t\t\t<div class=\"elementor-cta__description elementor-cta__content-item elementor-content-item\">\n\t\t\t\t\t\tPrenota il tuo tavolo in Pizzeria a CENA\t\t\t\t\t<\/div>\n\t\t\t\t\n\t\t\t\t\t\t\t\t\t<div class=\"elementor-cta__button-wrapper elementor-cta__content-item elementor-content-item \">\n\t\t\t\t\t<a class=\"elementor-cta__button elementor-button elementor-size-\" href=\"https:\/\/www.quandoo.co.uk\/checkout-widget\/widget?aid=2&#038;merchantId=104824\">\n\t\t\t\t\t\tPRENOTA\t\t\t\t\t<\/a>\n\t\t\t\t\t<\/div>\n\t\t\t\t\t\t\t<\/div>\n\t\t\t\t\t\t<\/div>\n\t\t\t\t\t\t<\/div>\n\t\t\t\t<\/div>\n\t\t\t\t<div class=\"elementor-element elementor-element-5fd1f11 elementor-widget elementor-widget-spacer\" data-id=\"5fd1f11\" data-element_type=\"widget\" data-widget_type=\"spacer.default\">\n\t\t\t\t<div class=\"elementor-widget-container\">\n\t\t\t\t\t\t\t<div class=\"elementor-spacer\">\n\t\t\t<div class=\"elementor-spacer-inner\"><\/div>\n\t\t<\/div>\n\t\t\t\t\t\t<\/div>\n\t\t\t\t<\/div>\n\t\t\t\t<div class=\"elementor-element elementor-element-34d4f73 elementor-widget elementor-widget-aux_modern_heading\" data-id=\"34d4f73\" data-element_type=\"widget\" data-widget_type=\"aux_modern_heading.default\">\n\t\t\t\t<div class=\"elementor-widget-container\">\n\t\t\t\t\t<section class=\"aux-widget-modern-heading\">\n            <div class=\"aux-widget-inner\"><h2 class=\"aux-modern-heading-primary\">I nostri men\u00f9<\/h2><\/div>\n        <\/section>\t\t\t\t<\/div>\n\t\t\t\t<\/div>\n\t\t\t\t<div class=\"elementor-element elementor-element-27a1ddac elementor-widget elementor-widget-aux_image\" data-id=\"27a1ddac\" data-element_type=\"widget\" data-widget_type=\"aux_image.default\">\n\t\t\t\t<div class=\"elementor-widget-container\">\n\t\t\t\t\t<section class=\"widget-container aux-widget-image aux-alignnone aux-parent-aubf5a2395\">\n    <div class=\"aux-media-hint-frame \">\n        <div class=\"aux-media-image \" >\n        \n            \n\n            \n                        \n                <\/div>\n    <\/div>\n\n<\/section><!-- widget-container -->\t\t\t\t<\/div>\n\t\t\t\t<\/div>\n\t\t\t\t<div class=\"elementor-element elementor-element-e84b920 elementor-widget elementor-widget-shortcode\" data-id=\"e84b920\" data-element_type=\"widget\" data-widget_type=\"shortcode.default\">\n\t\t\t\t<div class=\"elementor-widget-container\">\n\t\t\t\t\t\t\t<div class=\"elementor-shortcode\"><div class=\"_df_book df-lite\" id=\"df_4250\"  _slug=\"menu-pizzeria\" data-title=\"menu-pizzeria\" wpoptions=\"true\" thumbtype=\"\" ><\/div><script class=\"df-shortcode-script\" nowprocket type=\"application\/javascript\">window.option_df_4250 = {\"outline\":[],\"autoEnableOutline\":\"false\",\"autoEnableThumbnail\":\"false\",\"overwritePDFOutline\":\"false\",\"direction\":\"1\",\"pageSize\":\"0\",\"source\":\"https:\\\/\\\/www.hotel-il-gabbiano.com\\\/wp-content\\\/uploads\\\/2025\\\/09\\\/Menu-per-sito_-fatto-con-Adobe-1.pdf\",\"wpOptions\":\"true\"}; if(window.DFLIP && window.DFLIP.parseBooks){window.DFLIP.parseBooks();}<\/script><\/div>\n\t\t\t\t\t\t<\/div>\n\t\t\t\t<\/div>\n\t\t\t\t<div class=\"elementor-element elementor-element-8410f5e elementor-widget elementor-widget-shortcode\" data-id=\"8410f5e\" data-element_type=\"widget\" data-widget_type=\"shortcode.default\">\n\t\t\t\t<div class=\"elementor-widget-container\">\n\t\t\t\t\t\t\t<div class=\"elementor-shortcode\"><div class=\"_df_book df-lite\" id=\"df_4245\"  _slug=\"carta-vini\" data-title=\"carta-vini\" wpoptions=\"true\" thumbtype=\"\" ><\/div><script class=\"df-shortcode-script\" nowprocket type=\"application\/javascript\">window.option_df_4245 = {\"outline\":[],\"autoEnableOutline\":\"false\",\"autoEnableThumbnail\":\"false\",\"overwritePDFOutline\":\"false\",\"direction\":\"1\",\"pageSize\":\"0\",\"source\":\"https:\\\/\\\/www.hotel-il-gabbiano.com\\\/wp-content\\\/uploads\\\/2025\\\/09\\\/Menu-vini-2026_def_completo.pdf\",\"wpOptions\":\"true\"}; if(window.DFLIP && window.DFLIP.parseBooks){window.DFLIP.parseBooks();}<\/script><\/div>\n\t\t\t\t\t\t<\/div>\n\t\t\t\t<\/div>\n\t\t\t\t\t<\/div>\n\t\t<\/div>\n\t\t\t\t\t<\/div>\n\t\t<\/section>\n\t\t\t\t<\/div>\n\t\t","protected":false},"excerpt":{"rendered":"<p>Pizzeria con forno a legna https:\/\/www.hotel-il-gabbiano.com\/wp-content\/uploads\/2025\/12\/Spot-Pizzeria-Il-Gabbiano-1min-2.mp4 La Pizzeria con Forno a LegnaLa pizzeria con forno a legna \u00e8 il luogo ideale per chi ama la tradizione e il gusto autentico. Le nostre pizze, sottili e croccanti, sono cotte nel forno a legna, che conferisce loro un sapore unico e irresistibile. Grazie alla vasta scelta di [&hellip;]<\/p>\n","protected":false},"author":1,"featured_media":0,"parent":0,"menu_order":0,"comment_status":"closed","ping_status":"closed","template":"","meta":{"footnotes":""},"class_list":["post-1438","page","type-page","status-publish","hentry"],"yoast_head":"<!-- This site is optimized with the Yoast SEO plugin v26.4 - https:\/\/yoast.com\/wordpress\/plugins\/seo\/ -->\n<title>Pizzeria - Il Gabbiano<\/title>\n<meta name=\"robots\" content=\"index, follow, max-snippet:-1, max-image-preview:large, max-video-preview:-1\" \/>\n<link rel=\"canonical\" href=\"https:\/\/www.hotel-il-gabbiano.com\/?page_id=1438\" \/>\n<meta property=\"og:locale\" content=\"it_IT\" \/>\n<meta property=\"og:type\" content=\"article\" \/>\n<meta property=\"og:title\" content=\"Pizzeria - Il Gabbiano\" \/>\n<meta property=\"og:description\" content=\"Pizzeria con forno a legna https:\/\/www.hotel-il-gabbiano.com\/wp-content\/uploads\/2025\/12\/Spot-Pizzeria-Il-Gabbiano-1min-2.mp4 La Pizzeria con Forno a LegnaLa pizzeria con forno a legna \u00e8 il luogo ideale per chi ama la tradizione e il gusto autentico. Le nostre pizze, sottili e croccanti, sono cotte nel forno a legna, che conferisce loro un sapore unico e irresistibile. Grazie alla vasta scelta di [&hellip;]\" \/>\n<meta property=\"og:url\" content=\"https:\/\/www.hotel-il-gabbiano.com\/?page_id=1438\" \/>\n<meta property=\"og:site_name\" content=\"Il Gabbiano\" \/>\n<meta property=\"article:modified_time\" content=\"2025-12-04T19:13:56+00:00\" \/>\n<meta property=\"og:image\" content=\"https:\/\/www.hotel-il-gabbiano.com\/wp-content\/uploads\/2023\/12\/pizzeria-300x300.jpg\" \/>\n<meta name=\"twitter:card\" content=\"summary_large_image\" \/>\n<meta name=\"twitter:label1\" content=\"Tempo di lettura stimato\" \/>\n\t<meta name=\"twitter:data1\" content=\"5 minuti\" \/>\n<script type=\"application\/ld+json\" class=\"yoast-schema-graph\">{\"@context\":\"https:\/\/schema.org\",\"@graph\":[{\"@type\":\"WebPage\",\"@id\":\"https:\/\/www.hotel-il-gabbiano.com\/?page_id=1438\",\"url\":\"https:\/\/www.hotel-il-gabbiano.com\/?page_id=1438\",\"name\":\"Pizzeria - Il Gabbiano\",\"isPartOf\":{\"@id\":\"https:\/\/www.hotel-il-gabbiano.com\/#website\"},\"primaryImageOfPage\":{\"@id\":\"https:\/\/www.hotel-il-gabbiano.com\/?page_id=1438#primaryimage\"},\"image\":{\"@id\":\"https:\/\/www.hotel-il-gabbiano.com\/?page_id=1438#primaryimage\"},\"thumbnailUrl\":\"https:\/\/www.hotel-il-gabbiano.com\/wp-content\/uploads\/2023\/12\/pizzeria-300x300.jpg\",\"datePublished\":\"2023-12-15T13:40:52+00:00\",\"dateModified\":\"2025-12-04T19:13:56+00:00\",\"breadcrumb\":{\"@id\":\"https:\/\/www.hotel-il-gabbiano.com\/?page_id=1438#breadcrumb\"},\"inLanguage\":\"it-IT\",\"potentialAction\":[{\"@type\":\"ReadAction\",\"target\":[\"https:\/\/www.hotel-il-gabbiano.com\/?page_id=1438\"]}]},{\"@type\":\"ImageObject\",\"inLanguage\":\"it-IT\",\"@id\":\"https:\/\/www.hotel-il-gabbiano.com\/?page_id=1438#primaryimage\",\"url\":\"https:\/\/www.hotel-il-gabbiano.com\/wp-content\/uploads\/2023\/12\/pizzeria.jpg\",\"contentUrl\":\"https:\/\/www.hotel-il-gabbiano.com\/wp-content\/uploads\/2023\/12\/pizzeria.jpg\",\"width\":480,\"height\":640},{\"@type\":\"BreadcrumbList\",\"@id\":\"https:\/\/www.hotel-il-gabbiano.com\/?page_id=1438#breadcrumb\",\"itemListElement\":[{\"@type\":\"ListItem\",\"position\":1,\"name\":\"Home\",\"item\":\"https:\/\/www.hotel-il-gabbiano.com\/\"},{\"@type\":\"ListItem\",\"position\":2,\"name\":\"Pizzeria\"}]},{\"@type\":\"WebSite\",\"@id\":\"https:\/\/www.hotel-il-gabbiano.com\/#website\",\"url\":\"https:\/\/www.hotel-il-gabbiano.com\/\",\"name\":\"Il Gabbiano\",\"description\":\"\",\"publisher\":{\"@id\":\"https:\/\/www.hotel-il-gabbiano.com\/#organization\"},\"potentialAction\":[{\"@type\":\"SearchAction\",\"target\":{\"@type\":\"EntryPoint\",\"urlTemplate\":\"https:\/\/www.hotel-il-gabbiano.com\/?s={search_term_string}\"},\"query-input\":{\"@type\":\"PropertyValueSpecification\",\"valueRequired\":true,\"valueName\":\"search_term_string\"}}],\"inLanguage\":\"it-IT\"},{\"@type\":\"Organization\",\"@id\":\"https:\/\/www.hotel-il-gabbiano.com\/#organization\",\"name\":\"Il Gabbiano\",\"url\":\"https:\/\/www.hotel-il-gabbiano.com\/\",\"logo\":{\"@type\":\"ImageObject\",\"inLanguage\":\"it-IT\",\"@id\":\"https:\/\/www.hotel-il-gabbiano.com\/#\/schema\/logo\/image\/\",\"url\":\"https:\/\/www.hotel-il-gabbiano.com\/wp-content\/uploads\/2023\/11\/cropped-logo_gabbiano_mini.png\",\"contentUrl\":\"https:\/\/www.hotel-il-gabbiano.com\/wp-content\/uploads\/2023\/11\/cropped-logo_gabbiano_mini.png\",\"width\":156,\"height\":74,\"caption\":\"Il Gabbiano\"},\"image\":{\"@id\":\"https:\/\/www.hotel-il-gabbiano.com\/#\/schema\/logo\/image\/\"}}]}<\/script>\n<!-- \/ Yoast SEO plugin. -->","yoast_head_json":{"title":"Pizzeria - Il Gabbiano","robots":{"index":"index","follow":"follow","max-snippet":"max-snippet:-1","max-image-preview":"max-image-preview:large","max-video-preview":"max-video-preview:-1"},"canonical":"https:\/\/www.hotel-il-gabbiano.com\/?page_id=1438","og_locale":"it_IT","og_type":"article","og_title":"Pizzeria - Il Gabbiano","og_description":"Pizzeria con forno a legna https:\/\/www.hotel-il-gabbiano.com\/wp-content\/uploads\/2025\/12\/Spot-Pizzeria-Il-Gabbiano-1min-2.mp4 La Pizzeria con Forno a LegnaLa pizzeria con forno a legna \u00e8 il luogo ideale per chi ama la tradizione e il gusto autentico. Le nostre pizze, sottili e croccanti, sono cotte nel forno a legna, che conferisce loro un sapore unico e irresistibile. Grazie alla vasta scelta di [&hellip;]","og_url":"https:\/\/www.hotel-il-gabbiano.com\/?page_id=1438","og_site_name":"Il Gabbiano","article_modified_time":"2025-12-04T19:13:56+00:00","og_image":[{"url":"https:\/\/www.hotel-il-gabbiano.com\/wp-content\/uploads\/2023\/12\/pizzeria-300x300.jpg","type":"","width":"","height":""}],"twitter_card":"summary_large_image","twitter_misc":{"Tempo di lettura stimato":"5 minuti"},"schema":{"@context":"https:\/\/schema.org","@graph":[{"@type":"WebPage","@id":"https:\/\/www.hotel-il-gabbiano.com\/?page_id=1438","url":"https:\/\/www.hotel-il-gabbiano.com\/?page_id=1438","name":"Pizzeria - Il Gabbiano","isPartOf":{"@id":"https:\/\/www.hotel-il-gabbiano.com\/#website"},"primaryImageOfPage":{"@id":"https:\/\/www.hotel-il-gabbiano.com\/?page_id=1438#primaryimage"},"image":{"@id":"https:\/\/www.hotel-il-gabbiano.com\/?page_id=1438#primaryimage"},"thumbnailUrl":"https:\/\/www.hotel-il-gabbiano.com\/wp-content\/uploads\/2023\/12\/pizzeria-300x300.jpg","datePublished":"2023-12-15T13:40:52+00:00","dateModified":"2025-12-04T19:13:56+00:00","breadcrumb":{"@id":"https:\/\/www.hotel-il-gabbiano.com\/?page_id=1438#breadcrumb"},"inLanguage":"it-IT","potentialAction":[{"@type":"ReadAction","target":["https:\/\/www.hotel-il-gabbiano.com\/?page_id=1438"]}]},{"@type":"ImageObject","inLanguage":"it-IT","@id":"https:\/\/www.hotel-il-gabbiano.com\/?page_id=1438#primaryimage","url":"https:\/\/www.hotel-il-gabbiano.com\/wp-content\/uploads\/2023\/12\/pizzeria.jpg","contentUrl":"https:\/\/www.hotel-il-gabbiano.com\/wp-content\/uploads\/2023\/12\/pizzeria.jpg","width":480,"height":640},{"@type":"BreadcrumbList","@id":"https:\/\/www.hotel-il-gabbiano.com\/?page_id=1438#breadcrumb","itemListElement":[{"@type":"ListItem","position":1,"name":"Home","item":"https:\/\/www.hotel-il-gabbiano.com\/"},{"@type":"ListItem","position":2,"name":"Pizzeria"}]},{"@type":"WebSite","@id":"https:\/\/www.hotel-il-gabbiano.com\/#website","url":"https:\/\/www.hotel-il-gabbiano.com\/","name":"Il Gabbiano","description":"","publisher":{"@id":"https:\/\/www.hotel-il-gabbiano.com\/#organization"},"potentialAction":[{"@type":"SearchAction","target":{"@type":"EntryPoint","urlTemplate":"https:\/\/www.hotel-il-gabbiano.com\/?s={search_term_string}"},"query-input":{"@type":"PropertyValueSpecification","valueRequired":true,"valueName":"search_term_string"}}],"inLanguage":"it-IT"},{"@type":"Organization","@id":"https:\/\/www.hotel-il-gabbiano.com\/#organization","name":"Il Gabbiano","url":"https:\/\/www.hotel-il-gabbiano.com\/","logo":{"@type":"ImageObject","inLanguage":"it-IT","@id":"https:\/\/www.hotel-il-gabbiano.com\/#\/schema\/logo\/image\/","url":"https:\/\/www.hotel-il-gabbiano.com\/wp-content\/uploads\/2023\/11\/cropped-logo_gabbiano_mini.png","contentUrl":"https:\/\/www.hotel-il-gabbiano.com\/wp-content\/uploads\/2023\/11\/cropped-logo_gabbiano_mini.png","width":156,"height":74,"caption":"Il Gabbiano"},"image":{"@id":"https:\/\/www.hotel-il-gabbiano.com\/#\/schema\/logo\/image\/"}}]}},"_links":{"self":[{"href":"https:\/\/www.hotel-il-gabbiano.com\/index.php?rest_route=\/wp\/v2\/pages\/1438","targetHints":{"allow":["GET"]}}],"collection":[{"href":"https:\/\/www.hotel-il-gabbiano.com\/index.php?rest_route=\/wp\/v2\/pages"}],"about":[{"href":"https:\/\/www.hotel-il-gabbiano.com\/index.php?rest_route=\/wp\/v2\/types\/page"}],"author":[{"embeddable":true,"href":"https:\/\/www.hotel-il-gabbiano.com\/index.php?rest_route=\/wp\/v2\/users\/1"}],"replies":[{"embeddable":true,"href":"https:\/\/www.hotel-il-gabbiano.com\/index.php?rest_route=%2Fwp%2Fv2%2Fcomments&post=1438"}],"version-history":[{"count":62,"href":"https:\/\/www.hotel-il-gabbiano.com\/index.php?rest_route=\/wp\/v2\/pages\/1438\/revisions"}],"predecessor-version":[{"id":4997,"href":"https:\/\/www.hotel-il-gabbiano.com\/index.php?rest_route=\/wp\/v2\/pages\/1438\/revisions\/4997"}],"wp:attachment":[{"href":"https:\/\/www.hotel-il-gabbiano.com\/index.php?rest_route=%2Fwp%2Fv2%2Fmedia&parent=1438"}],"curies":[{"name":"wp","href":"https:\/\/api.w.org\/{rel}","templated":true}]}}